{"id":347,"date":"2018-01-19T18:45:17","date_gmt":"2018-01-19T17:45:17","guid":{"rendered":"https:\/\/amicalclub.be\/?page_id=347"},"modified":"2023-04-13T15:14:27","modified_gmt":"2023-04-13T13:14:27","slug":"about-us","status":"publish","type":"page","link":"https:\/\/www.amicalclub.be\/?page_id=347&lang=en","title":{"rendered":"About Us"},"content":{"rendered":"\n<figure class=\"wp-block-gallery has-nested-images columns-default is-cropped wp-block-gallery-1 is-layout-flex wp-block-gallery-is-layout-flex\">\n<figure class=\"wp-block-image size-large\"><img loading=\"lazy\" decoding=\"async\" width=\"1024\" height=\"574\" data-id=\"2231\" src=\"https:\/\/amical.club\n\/wp-content\/uploads\/2023\/04\/logo_transparent_background2-1-1024x574.png\" alt=\"\" class=\"wp-image-2231\" srcset=\"https:\/\/www.amicalclub.be\/wp-content\/uploads\/2023\/04\/logo_transparent_background2-1-1024x574.png 1024w, https:\/\/www.amicalclub.be\/wp-content\/uploads\/2023\/04\/logo_transparent_background2-1-300x168.png 300w, https:\/\/www.amicalclub.be\/wp-content\/uploads\/2023\/04\/logo_transparent_background2-1-768x431.png 768w, https:\/\/www.amicalclub.be\/wp-content\/uploads\/2023\/04\/logo_transparent_background2-1-1536x861.png 1536w, https:\/\/www.amicalclub.be\/wp-content\/uploads\/2023\/04\/logo_transparent_background2-1-2048x1148.png 2048w\" sizes=\"auto, (max-width: 1024px) 100vw, 1024px\" \/><\/figure>\n<\/figure>\n\n\n\n\n\n<p>  \u00ab&nbsp;Let\u2019s start a club&nbsp;!&nbsp;\u00bb<\/p>\n\n\n\n<p>This is how the three karateka (Marius Lontos, George Haralambiade and Marian Petrache)&nbsp; from Ramnicu Valcea (Romania) got the idea of starting a karate club in Brussels, where all of them live.<\/p>\n\n\n\n<p>More than that, we were determined by our desire to pursue our common passion (karate) and to teach those who are willing to learn and practice karate.<\/p>\n\n\n\n<p>In&nbsp; December 2015, our club received official recognition from <strong>\u2018\u2019F\u00e9d\u00e9ration Francophone de Karat\u00e9 et Arts Martiaux Affinitaires\u2019\u2019 (<a href=\"http:\/\/www.ffkama-officiel.be\/\">FFKAMA<\/a><\/strong><strong>)<\/strong> &nbsp;and from&nbsp;<a href=\"https:\/\/www.cika-karate.com\/\"> <strong>\u2018<\/strong><\/a><strong>\u2019Champions In<\/strong><strong>ternational Karate Association\u2019\u2019 (<a href=\"https:\/\/www.cika-belgium.com\/\">CIKA<\/a>)<\/strong> . We are now a full rights member in the two Belgian federations which are recognized by <strong>World Karate Federation<\/strong> <strong>(<\/strong><a href=\"https:\/\/www.wkf.net\/\"><strong>WKF<\/strong><\/a><strong>)<\/strong>.<\/p>\n\n\n\n<p>We wanted \u00ab&nbsp;AMICAL&nbsp;\u00bb to be a club for the Romanian community here in Belgium, since nearly 35.000 Romanians live in Brussels, and nearly 70.000 of them live in the entire country. So in October 2015 we had our first Romanian students who began to learn and do karate within Amical club and in the present we have 40 enrolled members, most children being between 4 and 17 years old, some of them even having different nationalities (Bulgarian, Greek, Belgian).<\/p>\n\n\n\n<p>The organisational structure of our club:<\/p>\n\n\n<div class=\"wp-block-image\">\n<figure class=\"aligncenter\"><img loading=\"lazy\" decoding=\"async\" width=\"300\" height=\"140\" src=\"https:\/\/amical.club\/wp-content\/uploads\/2018\/08\/1522612_10202717053228233_1321596486_o-300x140.jpg\" alt=\"\" class=\"wp-image-795\" srcset=\"https:\/\/www.amicalclub.be\/wp-content\/uploads\/2018\/08\/1522612_10202717053228233_1321596486_o-300x140.jpg 300w, https:\/\/www.amicalclub.be\/wp-content\/uploads\/2018\/08\/1522612_10202717053228233_1321596486_o.jpg 759w\" sizes=\"auto, (max-width: 300px) 100vw, 300px\" \/><\/figure>\n<\/div>\n\n\n<p>President: <strong>Marius Lontos<\/strong> \u2013&nbsp; black belt 1DAN Karate Shito-Ryu&nbsp;&nbsp;<\/p>\n\n\n\n<p>Secretary General: <strong>George Haralambiade<\/strong> &#8211;&nbsp; brown belt Karate Shotokan<\/p>\n\n\n<div class=\"wp-block-image\">\n<figure class=\"aligncenter\"><img loading=\"lazy\" decoding=\"async\" width=\"300\" height=\"300\" src=\"https:\/\/amical.club\/wp-content\/uploads\/2020\/05\/IMG-20200430-WA0014-2-300x300.jpg\" alt=\"\" class=\"wp-image-1649\" srcset=\"https:\/\/www.amicalclub.be\/wp-content\/uploads\/2020\/05\/IMG-20200430-WA0014-2-300x300.jpg 300w, https:\/\/www.amicalclub.be\/wp-content\/uploads\/2020\/05\/IMG-20200430-WA0014-2-150x150.jpg 150w, https:\/\/www.amicalclub.be\/wp-content\/uploads\/2020\/05\/IMG-20200430-WA0014-2.jpg 640w\" sizes=\"auto, (max-width: 300px) 100vw, 300px\" \/><\/figure>\n<\/div>\n\n\n<p>Treasurer: <strong>George Haralambiade<\/strong> \u2013 brown belt Karate Shotokan<\/p>\n\n\n\n<p>Coach: <strong>Marian Petrache<\/strong> \u2013 black belt 2DAN Karate Shotokan<\/p>\n\n\n\n<p>MARIAN PETRACHE<\/p>\n\n\n\n<p>I started my activity as a sportsman in year 1998 when I first stepped in a dojo. I had just found out that in our town there was a European karate champion and I was very curious to meet him and learn karate from a person with such a performance. I was proven that from a plain curiosity, karate became my greatest passion, in which I invested time as a simple practitioner, performance sportsman, referee and coach.<\/p>\n\n\n\n<p>As already mentioned above, it all started with the curiosity to meet a man with a high performance in sport. From that moment, Mihai Ioni\u021b\u0103 became my sensei (martial arts teacher) but even more than that, he became an inspiration, not only in karate but also in daily life, and the man who taught me almost everything I know about karate and sport in general.<\/p>\n\n\n\n<p>My competition activity began in 2000, when I started to attend the Romanian national championships, but also various regional, national and European contests.<\/p>\n\n\n\n<p>My performance in sport reflects in my record&nbsp;:<\/p>\n\n\n\n<ul class=\"wp-block-list\">\n<li>7 national champion titles (Shotokan and WKF), earned in: 2001, 2002, 2003, 2006, 2007, 2008<\/li>\n\n\n\n<li>1 DAN black belt earned in 2010<\/li>\n\n\n\n<li>2 DAN black belt earned in 2012<\/li>\n\n\n\n<li>Member of the Romania\u2019 s national karate team in 2007-2008<\/li>\n<\/ul>\n\n\n\n<p>Ever since I started practising karate, I liked to show others what I was learning, which later turned into a fondness for teaching children. So in 2003-2005 I took the classes of the National Coaching School in Bucharest, and I got my karate coach diploma.<\/p>\n\n\n\n<p>Between 2003 and 2015 I activated as a sportsman and coach within \u00ab&nbsp;IONITA SPORT CENTER\u201d sports club from R\u00e2mnicu V\u00e2lcea, helping in the formation of many generations of sportsmen with exquisite results on a national and international level.<\/p>\n\n\n\n<p class=\"has-text-align-left\">In 2015, together with my friends Marius Lontos and George Haralambiade (former performance sportsmen as well), I set up \u201cAMICAL\u201d karate club in Brussels, where I am the coach of the children and adult groups.<\/p>\n\n\n\n<p class=\"has-text-align-right\"> <\/p>\n\n\n\n<p class=\"has-text-align-right\"><\/p>\n\n\n\n<figure class=\"wp-block-image size-large\"><img loading=\"lazy\" decoding=\"async\" width=\"683\" height=\"1024\" src=\"https:\/\/amical.club\r\n\/wp-content\/uploads\/2022\/02\/IMG_6637-copy-683x1024.jpg\" alt=\"\" class=\"wp-image-1803\" srcset=\"https:\/\/www.amicalclub.be\/wp-content\/uploads\/2022\/02\/IMG_6637-copy-683x1024.jpg 683w, https:\/\/www.amicalclub.be\/wp-content\/uploads\/2022\/02\/IMG_6637-copy-200x300.jpg 200w, https:\/\/www.amicalclub.be\/wp-content\/uploads\/2022\/02\/IMG_6637-copy-768x1152.jpg 768w, https:\/\/www.amicalclub.be\/wp-content\/uploads\/2022\/02\/IMG_6637-copy-1024x1536.jpg 1024w, https:\/\/www.amicalclub.be\/wp-content\/uploads\/2022\/02\/IMG_6637-copy-1365x2048.jpg 1365w, https:\/\/www.amicalclub.be\/wp-content\/uploads\/2022\/02\/IMG_6637-copy-1600x2400.jpg 1600w, https:\/\/www.amicalclub.be\/wp-content\/uploads\/2022\/02\/IMG_6637-copy-scaled.jpg 1707w\" sizes=\"auto, (max-width: 683px) 100vw, 683px\" \/><\/figure>\n","protected":false},"excerpt":{"rendered":"<p>\u00ab&nbsp;Let\u2019s start a club&nbsp;!&nbsp;\u00bb This is how the three karateka (Marius Lontos, George Haralambiade and Marian Petrache)&nbsp; from Ramnicu Valcea (Romania) got the idea of starting a karate club in Brussels, where all of them live. More than that, we were determined by our desire to pursue our common passion (karate) and to teach those [&hellip;]<\/p>\n","protected":false},"author":1,"featured_media":0,"parent":0,"menu_order":0,"comment_status":"closed","ping_status":"closed","template":"","meta":{"hide_page_title":"","footnotes":""},"class_list":["post-347","page","type-page","status-publish","hentry"],"_links":{"self":[{"href":"https:\/\/www.amicalclub.be\/index.php?rest_route=\/wp\/v2\/pages\/347","targetHints":{"allow":["GET"]}}],"collection":[{"href":"https:\/\/www.amicalclub.be\/index.php?rest_route=\/wp\/v2\/pages"}],"about":[{"href":"https:\/\/www.amicalclub.be\/index.php?rest_route=\/wp\/v2\/types\/page"}],"author":[{"embeddable":true,"href":"https:\/\/www.amicalclub.be\/index.php?rest_route=\/wp\/v2\/users\/1"}],"replies":[{"embeddable":true,"href":"https:\/\/www.amicalclub.be\/index.php?rest_route=%2Fwp%2Fv2%2Fcomments&post=347"}],"version-history":[{"count":22,"href":"https:\/\/www.amicalclub.be\/index.php?rest_route=\/wp\/v2\/pages\/347\/revisions"}],"predecessor-version":[{"id":2237,"href":"https:\/\/www.amicalclub.be\/index.php?rest_route=\/wp\/v2\/pages\/347\/revisions\/2237"}],"wp:attachment":[{"href":"https:\/\/www.amicalclub.be\/index.php?rest_route=%2Fwp%2Fv2%2Fmedia&parent=347"}],"curies":[{"name":"wp","href":"https:\/\/api.w.org\/{rel}","templated":true}]}}