{"id":349,"date":"2018-01-19T18:47:07","date_gmt":"2018-01-19T17:47:07","guid":{"rendered":"https:\/\/amicalclub.be\/?page_id=349"},"modified":"2023-04-13T15:16:15","modified_gmt":"2023-04-13T13:16:15","slug":"accueil","status":"publish","type":"page","link":"https:\/\/www.amicalclub.be\/?page_id=349&lang=fr","title":{"rendered":"Accueil"},"content":{"rendered":"\n<figure class=\"wp-block-image size-large\"><img loading=\"lazy\" decoding=\"async\" width=\"1024\" height=\"574\" src=\"https:\/\/amical.club\n\/wp-content\/uploads\/2023\/04\/logo_transparent_background2-2-1024x574.png\" alt=\"\" class=\"wp-image-2234\" srcset=\"https:\/\/www.amicalclub.be\/wp-content\/uploads\/2023\/04\/logo_transparent_background2-2-1024x574.png 1024w, https:\/\/www.amicalclub.be\/wp-content\/uploads\/2023\/04\/logo_transparent_background2-2-300x168.png 300w, https:\/\/www.amicalclub.be\/wp-content\/uploads\/2023\/04\/logo_transparent_background2-2-768x431.png 768w, https:\/\/www.amicalclub.be\/wp-content\/uploads\/2023\/04\/logo_transparent_background2-2-1536x861.png 1536w, https:\/\/www.amicalclub.be\/wp-content\/uploads\/2023\/04\/logo_transparent_background2-2-2048x1148.png 2048w\" sizes=\"auto, (max-width: 1024px) 100vw, 1024px\" \/><\/figure>\n\n\n\n<p>\u00ab&nbsp;Fondons un club&nbsp;!&nbsp;\u00bb<\/p>\n\n\n\n<p>C\u2019est comme \u00e7a que les trois karateka (Marius Lontos, George Haralambiade et Marian Petrache) de Ramnicu Valcea (Romania) ont eu cette id\u00e9e de fonder un club de karat\u00e9 dans Bruxelles, leur lieu de r\u00e9sidence.<\/p>\n\n\n\n<p>Cette id\u00e9e a \u00e9t\u00e9 aliment\u00e9e par notre d\u00e9sir de poursuivre notre passion et enseigner ceux qui veulent apprendre et pratiquer le karat\u00e9.<\/p>\n\n\n\n<p>En d\u00e9cembre 2015, on a re\u00e7u reconnaissance de la parte de la <strong>\u2018\u2019F\u00e9d\u00e9ration Francophone de Karat\u00e9 et Arts Martiaux Affinitaires\u2019\u2019 (<a href=\"http:\/\/www.ffkama-officiel.be\/\">FFKAMA<\/a><\/strong><strong>)<\/strong> &#8211; et&nbsp; <a href=\"https:\/\/www.cika-karate.com\/\"><strong>\u2018<\/strong><\/a><strong>\u2019Champions In<\/strong><strong>ternational Karate Association\u2019\u2019 (<a href=\"https:\/\/www.cika-belgium.com\/\">CIKA<\/a>)<\/strong>.&nbsp; Notre club est maintenant un membre de plein droit des deux f\u00e9d\u00e9rations belges qui sont reconnus par <strong>World Karate Federation<\/strong> <strong>(<\/strong><a href=\"https:\/\/www.wkf.net\/\"><strong>WKF<\/strong><\/a><strong>)<\/strong>.<\/p>\n\n\n\n<p>C\u2019est d\u00e8s le d\u00e9but qu\u2019on a voulu qu\u2019 \u201cAmical\u201d soit un club destin\u00e9 \u00e0 la communaut\u00e9 roumaine de Belgique, car presque 35.000 roumains vivent \u00e0 Bruxelles, et presque 70.000 en Belgique. Donc en octobre 2015 on a eu les premiers \u00e9tudiants roumains qui ont commenc\u00e9 \u00e0 apprendre et \u00e0 pratiquer le karat\u00e9 au club Amical. Maintenant il y a 40 membres inscrits \u00e0 notre club, la plupart d\u2019entre eux en avoir entre 4 et 17 ans, et certains d\u2019entre eux en avoir des nationalit\u00e9s diff\u00e9rentes (bulgare, grec, belge).<\/p>\n\n\n\n<p>L\u2019organigramme de notre club&nbsp;:<\/p>\n\n\n<div class=\"wp-block-image\">\n<figure class=\"aligncenter\"><img loading=\"lazy\" decoding=\"async\" width=\"300\" height=\"140\" src=\"https:\/\/amical.club\/wp-content\/uploads\/2018\/08\/1522612_10202717053228233_1321596486_o-1-300x140.jpg\" alt=\"\" class=\"wp-image-797\" srcset=\"https:\/\/www.amicalclub.be\/wp-content\/uploads\/2018\/08\/1522612_10202717053228233_1321596486_o-1-300x140.jpg 300w, https:\/\/www.amicalclub.be\/wp-content\/uploads\/2018\/08\/1522612_10202717053228233_1321596486_o-1.jpg 759w\" sizes=\"auto, (max-width: 300px) 100vw, 300px\" \/><\/figure>\n<\/div>\n\n\n<p>Pr\u00e9sident&nbsp;: Marius Lontos \u2013&nbsp; ceinture noire 1DAN Karate Shito-Ryu&nbsp;&nbsp;<\/p>\n\n\n\n<p>Secr\u00e9taire G\u00e9n\u00e9ral&nbsp;: <strong>George Haralambiade<\/strong> \u2013 ceinture marron Karate Shotokan<\/p>\n\n\n<div class=\"wp-block-image\">\n<figure class=\"aligncenter\"><img loading=\"lazy\" decoding=\"async\" width=\"300\" height=\"300\" src=\"https:\/\/amical.club\/wp-content\/uploads\/2020\/05\/IMG-20200430-WA0014-3-300x300.jpg\" alt=\"\" class=\"wp-image-1651\" srcset=\"https:\/\/www.amicalclub.be\/wp-content\/uploads\/2020\/05\/IMG-20200430-WA0014-3-300x300.jpg 300w, https:\/\/www.amicalclub.be\/wp-content\/uploads\/2020\/05\/IMG-20200430-WA0014-3-150x150.jpg 150w, https:\/\/www.amicalclub.be\/wp-content\/uploads\/2020\/05\/IMG-20200430-WA0014-3.jpg 640w\" sizes=\"auto, (max-width: 300px) 100vw, 300px\" \/><\/figure>\n<\/div>\n\n\n<p>Tr\u00e9sorier&nbsp;: <strong>George Haralambiade<\/strong> \u2013 ceinture marron Karate Shotokan<\/p>\n\n\n\n<p>Entra\u00eeneur&nbsp;: <strong>Marian Petrache<\/strong> \u2013 ceinture noire 2DAN Karate Shotokan<\/p>\n\n\n\n<p>MARIAN PETRACHE<\/p>\n\n\n\n<p>L\u2019activit\u00e9 sportive a commenc\u00e9 pour moi en 1998, la premi\u00e8re fois que j\u2019ai mis mes pieds dans un dojo. J\u2019avais justement trouv\u00e9 qu\u2019il y \u00e9tait un champion europ\u00e9en de karat\u00e9 dans notre ville et j\u2019\u00e9tais tr\u00e8s curieux de lui conna\u00eetre et d\u2019apprendre le karat\u00e9 de la part d\u2019une personne avec une telle performance. J\u2019ai \u00e9t\u00e9 prouv\u00e9 que, d\u2019une plaine curiosit\u00e9, le karat\u00e9 est devenu la passion de ma vie, dans laquelle j\u2019ai investi du temps comme simple pratiquant, sportif de performance, arbitre et entra\u00eeneur.<\/p>\n\n\n\n<p>Comme j\u2019ai d\u00e9j\u00e0 mentionn\u00e9, tout a commenc\u00e9 avec la curiosit\u00e9 de conna\u00eetre un homme avec une haute performance dans sport. De ce moment-l\u00e0, Mihai Ioni\u021b\u0103 est devenu mon sensei (professeur dans les arts martiaux), mais plus que cela, il est devenu une inspiration, pas seulement dans le karat\u00e9 mais aussi dans la vie quotidienne, et l\u2019homme qui m\u2019a enseign\u00e9 presque tout que je connais dans le domaine du karat\u00e9 et du sport en g\u00e9n\u00e9ral.<\/p>\n\n\n\n<p>En 2000 j\u2019ai d\u00e9marr\u00e9 l\u2019activit\u00e9 de comp\u00e9tition, avec ma participation chez les championnats nationales roumaines, mais aussi chez autres concours au niveau r\u00e9gional, national et europ\u00e9en.<\/p>\n\n\n\n<p>Ma performance sportive se r\u00e9fl\u00e9chit dans mon palmar\u00e8s:<\/p>\n\n\n\n<ul class=\"wp-block-list\">\n<li>7 titres de champion national (Shotokan et WKF), obtenus en&nbsp;: 2001, 2002, 2003, 2006, 2007, 2008<\/li>\n\n\n\n<li>Ceinture noire 1 DAN, obtenue en 2010<\/li>\n\n\n\n<li>Ceinture noire 2 DAN, obtenue en 2012<\/li>\n\n\n\n<li>Membre de&nbsp;l\u2019\u00e9quipe nationale roumaine de karat\u00e9 pendant 2007-2008<\/li>\n<\/ul>\n\n\n\n<p>D\u00e8s que j\u2019ai commenc\u00e9 pratiquer le karat\u00e9, j\u2019aimerais montrer aux autres ce que j\u2019apprenais, et plus tard j\u2019ai trouv\u00e9 un plaisir dans l\u2019enseignement des enfants. Donc en 2003-2005 j\u2019ai pris les cours de l\u2019Ecole Nationale des Entra\u00eeneurs de Bucarest, et j\u2019ai re\u00e7u mon dipl\u00f4me d\u2019entra\u00eeneur de karat\u00e9.<\/p>\n\n\n\n<p>Des 2003, jusqu\u2019\u00e0 2015, j\u2019\u00e9tais sportif et entra\u00eeneur dans le cadre du club sportif \u00ab&nbsp;IONITA SPORT CENTER&nbsp;\u00bb dans R\u00e2mnicu V\u00e2lcea, en contribuant \u00e0&nbsp;la formation des plusieurs g\u00e9n\u00e9rations de sportifs avec des r\u00e9sultats particuliers au niveau national et international.<\/p>\n\n\n\n<p>En 2015, moi et mes amis Marius Lontos et George Haralambiade (aussi sportifs de performance dans le pass\u00e9) ont \u00e9tabli dans Bruxelles le club \u00ab&nbsp;AMICAL&nbsp;\u00bb, mon r\u00f4le en \u00e9tant d\u2019instruire les groupes d\u2019enfants et d\u2019adultes, car je suis l\u2019entra\u00eeneur<\/p>\n\n\n\n<figure class=\"wp-block-image size-large\"><img loading=\"lazy\" decoding=\"async\" width=\"683\" height=\"1024\" src=\"https:\/\/amical.club\r\n\/wp-content\/uploads\/2022\/02\/IMG_6637-copy-1-683x1024.jpg\" alt=\"\" class=\"wp-image-1807\" srcset=\"https:\/\/www.amicalclub.be\/wp-content\/uploads\/2022\/02\/IMG_6637-copy-1-683x1024.jpg 683w, https:\/\/www.amicalclub.be\/wp-content\/uploads\/2022\/02\/IMG_6637-copy-1-200x300.jpg 200w, https:\/\/www.amicalclub.be\/wp-content\/uploads\/2022\/02\/IMG_6637-copy-1-768x1152.jpg 768w, https:\/\/www.amicalclub.be\/wp-content\/uploads\/2022\/02\/IMG_6637-copy-1-1024x1536.jpg 1024w, https:\/\/www.amicalclub.be\/wp-content\/uploads\/2022\/02\/IMG_6637-copy-1-1365x2048.jpg 1365w, https:\/\/www.amicalclub.be\/wp-content\/uploads\/2022\/02\/IMG_6637-copy-1-1600x2400.jpg 1600w, https:\/\/www.amicalclub.be\/wp-content\/uploads\/2022\/02\/IMG_6637-copy-1-scaled.jpg 1707w\" sizes=\"auto, (max-width: 683px) 100vw, 683px\" \/><\/figure>\n","protected":false},"excerpt":{"rendered":"<p>\u00ab&nbsp;Fondons un club&nbsp;!&nbsp;\u00bb C\u2019est comme \u00e7a que les trois karateka (Marius Lontos, George Haralambiade et Marian Petrache) de Ramnicu Valcea (Romania) ont eu cette id\u00e9e de fonder un club de karat\u00e9 dans Bruxelles, leur lieu de r\u00e9sidence. Cette id\u00e9e a \u00e9t\u00e9 aliment\u00e9e par notre d\u00e9sir de poursuivre notre passion et enseigner ceux qui veulent apprendre [&hellip;]<\/p>\n","protected":false},"author":1,"featured_media":0,"parent":0,"menu_order":0,"comment_status":"closed","ping_status":"closed","template":"","meta":{"hide_page_title":"","footnotes":""},"class_list":["post-349","page","type-page","status-publish","hentry"],"_links":{"self":[{"href":"https:\/\/www.amicalclub.be\/index.php?rest_route=\/wp\/v2\/pages\/349","targetHints":{"allow":["GET"]}}],"collection":[{"href":"https:\/\/www.amicalclub.be\/index.php?rest_route=\/wp\/v2\/pages"}],"about":[{"href":"https:\/\/www.amicalclub.be\/index.php?rest_route=\/wp\/v2\/types\/page"}],"author":[{"embeddable":true,"href":"https:\/\/www.amicalclub.be\/index.php?rest_route=\/wp\/v2\/users\/1"}],"replies":[{"embeddable":true,"href":"https:\/\/www.amicalclub.be\/index.php?rest_route=%2Fwp%2Fv2%2Fcomments&post=349"}],"version-history":[{"count":13,"href":"https:\/\/www.amicalclub.be\/index.php?rest_route=\/wp\/v2\/pages\/349\/revisions"}],"predecessor-version":[{"id":2238,"href":"https:\/\/www.amicalclub.be\/index.php?rest_route=\/wp\/v2\/pages\/349\/revisions\/2238"}],"wp:attachment":[{"href":"https:\/\/www.amicalclub.be\/index.php?rest_route=%2Fwp%2Fv2%2Fmedia&parent=349"}],"curies":[{"name":"wp","href":"https:\/\/api.w.org\/{rel}","templated":true}]}}