{"id":366,"date":"2018-01-19T18:56:04","date_gmt":"2018-01-19T17:56:04","guid":{"rendered":"https:\/\/amicalclub.be\/?page_id=366"},"modified":"2019-05-26T17:21:58","modified_gmt":"2019-05-26T15:21:58","slug":"karate-fr","status":"publish","type":"page","link":"https:\/\/www.amicalclub.be\/?page_id=366&lang=fr","title":{"rendered":"Karat\u00e9"},"content":{"rendered":"<p><img loading=\"lazy\" decoding=\"async\" class=\"aligncenter\" src=\"https:\/\/amical.club\/wp-content\/uploads\/2018\/01\/qtq80-JQBLuj-300x200.jpeg\" alt=\"\" width=\"379\" height=\"252\" \/><\/p>\n<p>\u00a0<\/p>\n<p>Le karat\u00e9-do est un art martiaux japonais. En traduction, \u00ab\u00a0Kara\u00a0\u00bb signifie \u00ab\u00a0vide\u00a0\u00bb, \u00ab\u00a0te\u00a0\u00bb signifie \u00ab\u00a0main\u00a0\u00bb, et \u00ab\u00a0do\u00a0\u00bb signifie \u00ab\u00a0voie\u00a0\u00bb. La voie des mains vides ou, plus pr\u00e9cis\u00e9ment, la voie de lutter aux mains vides, parce que dans le karat\u00e9 on utilise des coups de bras et de jambes, des balayages et des prises.<\/p>\n<p>Il est consid\u00e9r\u00e9 que le fondateur du karat\u00e9 moderne est Gichin Funakoshi (1868-1957), le fondateur du style Shotokan. Quand il est arriv\u00e9 au Japon en 1922, d\u2019Okinawa (une \u00eele de l\u2019archipel japonais), Funakosi a rendu le karat\u00e9 populaire par plusieurs d\u00e9monstrations et discours, mais pour rendre son style de combat plus populaire (Okinawa-te), il l\u2019a renomm\u00e9 \u00ab\u00a0karat\u00e9\u00a0\u00bb en japonais.<\/p>\n<p>Au fil du temps, beaucoup de styles de karat\u00e9 se sont d\u00e9velopp\u00e9s, la plupart en ayant la terminaison \u00ab\u00a0ryu\u00a0\u00bb (Shito-ryu, Goju-ryu, Wado-ryu etc), qui en japonais signifie \u00ab\u00a0\u00e9cole\u00a0\u00bb.<\/p>\n<p>Tous les styles utilisent exercices de kata (la lutte imaginaire avec un ou avec plus d\u2019adversaires) et de kumite (la lutte avec un adversaire r\u00e9el).<\/p>\n<p>Et les concours de karat\u00e9 sont en fait des concours de kata et de kumite.<\/p>\n<p>En 1957, apr\u00e8s la mort de ma\u00eetre Funakoshi, le karat\u00e9 est devenu populaire en Europe aussi. Depuis ce moment-l\u00e0, la c\u00f4t\u00e9 sportive, \u00e0 la comp\u00e9tition, s\u2019est d\u00e9velopp\u00e9e, de m\u00eame que l\u2019art de karat\u00e9-do.<\/p>\n<p>Du point de vue organisationnel, le karat\u00e9 est divis\u00e9 dans plusieurs f\u00e9d\u00e9rations aux niveaux international, europ\u00e9en, et national, la plus grande f\u00e9d\u00e9ration internationale en \u00e9tant World Karate Federation (WKF), qui a obtenu la reconnaissance olympique en 2020 et les karatekas peuvent participer aux Jeux Olympiques.<\/p>\n<p>\u00a0<\/p>\n<p>\u00a0<\/p>\n\n\n<figure class=\"wp-block-image\"><img loading=\"lazy\" decoding=\"async\" width=\"1024\" height=\"576\" src=\"https:\/\/amical.club\/wp-content\/uploads\/2019\/05\/uytuyuy-1-1024x576.jpg\" alt=\"\" class=\"wp-image-1163\" srcset=\"https:\/\/www.amicalclub.be\/wp-content\/uploads\/2019\/05\/uytuyuy-1-1024x576.jpg 1024w, https:\/\/www.amicalclub.be\/wp-content\/uploads\/2019\/05\/uytuyuy-1-300x169.jpg 300w, https:\/\/www.amicalclub.be\/wp-content\/uploads\/2019\/05\/uytuyuy-1-768x432.jpg 768w, https:\/\/www.amicalclub.be\/wp-content\/uploads\/2019\/05\/uytuyuy-1.jpg 1280w\" sizes=\"auto, (max-width: 1024px) 100vw, 1024px\" \/><\/figure>\n","protected":false},"excerpt":{"rendered":"<p>\u00a0 Le karat\u00e9-do est un art martiaux japonais. En traduction, \u00ab\u00a0Kara\u00a0\u00bb signifie \u00ab\u00a0vide\u00a0\u00bb, \u00ab\u00a0te\u00a0\u00bb signifie \u00ab\u00a0main\u00a0\u00bb, et \u00ab\u00a0do\u00a0\u00bb signifie \u00ab\u00a0voie\u00a0\u00bb. La voie des mains vides ou, plus pr\u00e9cis\u00e9ment, la voie de lutter aux mains vides, parce que dans le karat\u00e9 on utilise des coups de bras et de jambes, des balayages et des prises. Il [&hellip;]<\/p>\n","protected":false},"author":1,"featured_media":0,"parent":0,"menu_order":0,"comment_status":"closed","ping_status":"closed","template":"","meta":{"hide_page_title":"","footnotes":""},"class_list":["post-366","page","type-page","status-publish","hentry"],"_links":{"self":[{"href":"https:\/\/www.amicalclub.be\/index.php?rest_route=\/wp\/v2\/pages\/366","targetHints":{"allow":["GET"]}}],"collection":[{"href":"https:\/\/www.amicalclub.be\/index.php?rest_route=\/wp\/v2\/pages"}],"about":[{"href":"https:\/\/www.amicalclub.be\/index.php?rest_route=\/wp\/v2\/types\/page"}],"author":[{"embeddable":true,"href":"https:\/\/www.amicalclub.be\/index.php?rest_route=\/wp\/v2\/users\/1"}],"replies":[{"embeddable":true,"href":"https:\/\/www.amicalclub.be\/index.php?rest_route=%2Fwp%2Fv2%2Fcomments&post=366"}],"version-history":[{"count":7,"href":"https:\/\/www.amicalclub.be\/index.php?rest_route=\/wp\/v2\/pages\/366\/revisions"}],"predecessor-version":[{"id":1164,"href":"https:\/\/www.amicalclub.be\/index.php?rest_route=\/wp\/v2\/pages\/366\/revisions\/1164"}],"wp:attachment":[{"href":"https:\/\/www.amicalclub.be\/index.php?rest_route=%2Fwp%2Fv2%2Fmedia&parent=366"}],"curies":[{"name":"wp","href":"https:\/\/api.w.org\/{rel}","templated":true}]}}