{"id":376,"date":"2018-01-19T19:01:15","date_gmt":"2018-01-19T18:01:15","guid":{"rendered":"https:\/\/amicalclub.be\/?page_id=376"},"modified":"2025-10-20T13:52:30","modified_gmt":"2025-10-20T11:52:30","slug":"program","status":"publish","type":"page","link":"https:\/\/www.amicalclub.be\/?page_id=376","title":{"rendered":"Program\/Tarif"},"content":{"rendered":"<p>\n<table id=\"tablepress-1\" class=\"tablepress tablepress-id-1\">\n<thead>\n<tr class=\"row-1\">\n\t<th class=\"column-1\">Categorie<\/th><th class=\"column-2\">Luni<\/th><th class=\"column-3\">Mar\u0163i <\/th><th class=\"column-4\">Miercuri<\/th><th class=\"column-5\">Joi<\/th><th class=\"column-6\">Vineri<\/th><th class=\"column-7\"> S\u00e2mb\u0103t\u0103<\/th><th class=\"column-8\">Duminic\u0103 <br \/>\n  <\/th>\n<\/tr>\n<\/thead>\n<tbody class=\"row-striping row-hover\">\n<tr class=\"row-2\">\n\t<td class=\"column-1\">\u00cencep\u0103tori<\/td><td class=\"column-2\"><\/td><td class=\"column-3\"><\/td><td class=\"column-4\">18h-19h<\/td><td class=\"column-5\"><\/td><td class=\"column-6\"><\/td><td class=\"column-7\">10h-11h<\/td><td class=\"column-8\"><\/td>\n<\/tr>\n<tr class=\"row-3\">\n\t<td class=\"column-1\">Avansati<\/td><td class=\"column-2\"><\/td><td class=\"column-3\">18h-20h                                                             <br \/>\n  <\/td><td class=\"column-4\">18h-20h<\/td><td class=\"column-5\"><\/td><td class=\"column-6\"><\/td><td class=\"column-7\">08.30h-10h<\/td><td class=\"column-8\"><\/td>\n<\/tr>\n<tr class=\"row-4\">\n\t<td class=\"column-1\">Adulti<\/td><td class=\"column-2\"><\/td><td class=\"column-3\">18h-19h                                   <br \/>\n  <\/td><td class=\"column-4\"><\/td><td class=\"column-5\"><\/td><td class=\"column-6\"><\/td><td class=\"column-7\"><\/td><td class=\"column-8\"><\/td>\n<\/tr>\n<\/tbody>\n<\/table>\n<!--more--><img loading=\"lazy\" decoding=\"async\" class=\"aligncenter size-medium wp-image-2269\" src=\"https:\/\/amical.club\/wp-content\/uploads\/2025\/10\/Prix-2025-2-200x300.jpg\" alt=\"\" width=\"200\" height=\"300\" srcset=\"https:\/\/www.amicalclub.be\/wp-content\/uploads\/2025\/10\/Prix-2025-2-200x300.jpg 200w, https:\/\/www.amicalclub.be\/wp-content\/uploads\/2025\/10\/Prix-2025-2.jpg 600w\" sizes=\"auto, (max-width: 200px) 100vw, 200px\" \/><\/p>\n","protected":false},"excerpt":{"rendered":"","protected":false},"author":1,"featured_media":0,"parent":0,"menu_order":0,"comment_status":"closed","ping_status":"closed","template":"","meta":{"hide_page_title":"","footnotes":""},"class_list":["post-376","page","type-page","status-publish","hentry"],"_links":{"self":[{"href":"https:\/\/www.amicalclub.be\/index.php?rest_route=\/wp\/v2\/pages\/376","targetHints":{"allow":["GET"]}}],"collection":[{"href":"https:\/\/www.amicalclub.be\/index.php?rest_route=\/wp\/v2\/pages"}],"about":[{"href":"https:\/\/www.amicalclub.be\/index.php?rest_route=\/wp\/v2\/types\/page"}],"author":[{"embeddable":true,"href":"https:\/\/www.amicalclub.be\/index.php?rest_route=\/wp\/v2\/users\/1"}],"replies":[{"embeddable":true,"href":"https:\/\/www.amicalclub.be\/index.php?rest_route=%2Fwp%2Fv2%2Fcomments&post=376"}],"version-history":[{"count":13,"href":"https:\/\/www.amicalclub.be\/index.php?rest_route=\/wp\/v2\/pages\/376\/revisions"}],"predecessor-version":[{"id":2270,"href":"https:\/\/www.amicalclub.be\/index.php?rest_route=\/wp\/v2\/pages\/376\/revisions\/2270"}],"wp:attachment":[{"href":"https:\/\/www.amicalclub.be\/index.php?rest_route=%2Fwp%2Fv2%2Fmedia&parent=376"}],"curies":[{"name":"wp","href":"https:\/\/api.w.org\/{rel}","templated":true}]}}